{"id":276,"date":"2013-10-07T08:48:09","date_gmt":"2013-10-07T08:48:09","guid":{"rendered":"http:\/\/wordpress-themes.derby-web-design-agency.co.uk\/flati\/?page_id=276"},"modified":"2014-03-24T20:45:49","modified_gmt":"2014-03-24T20:45:49","slug":"contact","status":"publish","type":"page","link":"http:\/\/www.piensosnutrigal.com\/?page_id=276","title":{"rendered":"CONTACTO"},"content":{"rendered":"<div class=\"row \">\n\t<div class=\"span3\">\n\t\t\t<h2>\u00bfTiene alguna pregunta o comentario? Por favor, env\u00edenos un correo electr\u00f3nico o rellene nuestro formulario de contacto. Le responderemos lo m\u00e1s r\u00e1pido posible.<\/h2><div class=\"wpb_separator wpb_content_element\"><\/div>\n\n\t\t\t\n<h5><strong>Direcci\u00f3n<\/strong><br \/>\nNutrigal<br \/>\nPaseo del Oeste, 92<br \/>\n14548 Montalb\u00e1n<br \/>\nC\u00f3rdoba<\/h5>\n<p>Email:\u00a0<a href=\"mailto: hgs@piensosnutrigal.com\">hgs@piensosnutrigal.com<\/a><br \/>\nTlf.: 957 311 300 \u00b7 607 716 333\n\t<\/div> \n\n\t<div class=\"span9\">\n\t\t\t\n\t<\/div> \n<\/div>\n","protected":false},"excerpt":{"rendered":"\u00bfTiene alguna pregunta o comentario? Por favor, env\u00edenos un correo electr\u00f3nico o rellene nuestro formulario de contacto. Le responderemos lo m\u00e1s r\u00e1pido posible. Direcci\u00f3n Nutrigal Paseo del Oeste, 92 14548 Montalb\u00e1n C\u00f3rdoba Email:\u00a0hgs@piensosnutrigal.com Tlf.: 957 311 300 \u00b7 607 716 333","protected":false},"author":3,"featured_media":0,"parent":0,"menu_order":0,"comment_status":"open","ping_status":"open","template":"page-contact.php","meta":{"footnotes":""},"class_list":["post-276","page","type-page","status-publish","hentry"],"_links":{"self":[{"href":"http:\/\/www.piensosnutrigal.com\/index.php?rest_route=\/wp\/v2\/pages\/276","targetHints":{"allow":["GET"]}}],"collection":[{"href":"http:\/\/www.piensosnutrigal.com\/index.php?rest_route=\/wp\/v2\/pages"}],"about":[{"href":"http:\/\/www.piensosnutrigal.com\/index.php?rest_route=\/wp\/v2\/types\/page"}],"author":[{"embeddable":true,"href":"http:\/\/www.piensosnutrigal.com\/index.php?rest_route=\/wp\/v2\/users\/3"}],"replies":[{"embeddable":true,"href":"http:\/\/www.piensosnutrigal.com\/index.php?rest_route=%2Fwp%2Fv2%2Fcomments&post=276"}],"version-history":[{"count":14,"href":"http:\/\/www.piensosnutrigal.com\/index.php?rest_route=\/wp\/v2\/pages\/276\/revisions"}],"predecessor-version":[{"id":469,"href":"http:\/\/www.piensosnutrigal.com\/index.php?rest_route=\/wp\/v2\/pages\/276\/revisions\/469"}],"wp:attachment":[{"href":"http:\/\/www.piensosnutrigal.com\/index.php?rest_route=%2Fwp%2Fv2%2Fmedia&parent=276"}],"curies":[{"name":"wp","href":"https:\/\/api.w.org\/{rel}","templated":true}]}}