{"id":37,"date":"2013-09-30T15:29:44","date_gmt":"2013-09-30T15:29:44","guid":{"rendered":"http:\/\/wordpress-themes.derby-web-design-agency.co.uk\/flati\/?page_id=37"},"modified":"2014-04-03T20:32:54","modified_gmt":"2014-04-03T20:32:54","slug":"about","status":"publish","type":"page","link":"http:\/\/www.piensosnutrigal.com\/?page_id=37","title":{"rendered":"EMPRESA"},"content":{"rendered":"<div class=\"row \">\n\t<div class=\"span12\">\n\t\t\t\n\t\t\t<img loading=\"lazy\" decoding=\"async\" class=\"alignnone size-full wp-image-449\" alt=\"cabecera_empresa\" src=\"http:\/\/www.piensosnutrigal.com\/wp-content\/uploads\/2013\/09\/cabecera_empresa.jpg\" width=\"2000\" height=\"279\" srcset=\"http:\/\/www.piensosnutrigal.com\/wp-content\/uploads\/2013\/09\/cabecera_empresa.jpg 2000w, http:\/\/www.piensosnutrigal.com\/wp-content\/uploads\/2013\/09\/cabecera_empresa-300x41.jpg 300w, http:\/\/www.piensosnutrigal.com\/wp-content\/uploads\/2013\/09\/cabecera_empresa-1024x142.jpg 1024w\" sizes=\"auto, (max-width: 2000px) 100vw, 2000px\" \/>\n\t<\/div> \n<\/div><div class=\"row \">\n\t<div class=\"span6\">\n\t\t\t<h1>Sin Intermediarios<\/h1>\n\t\t\tNutrigal, somos una empresa dedicada a la elaboraci\u00f3n, venta y distribuci\u00f3n de productos para el mundo animal.<\/p>\n<p>Fabricamos y envasamos cereales, mezclas de cereales, piensos, etc. Nuestras f\u00f3rmulas de alimentaci\u00f3n est\u00e1n creadas por nuestros expertos t\u00e9cnicos en nutrici\u00f3n cuidando al m\u00ednimo detalle la salud de sus animales.<div class=\"testimonial1 fadeinup\">\n<p><i class=\"icon-quote-left icon-4x pull-left hue\"><\/i>A\u00f1os de experiencia nos avalan en la producci\u00f3n de piensos y cereales. Fabricaci\u00f3n propia, calidad y buen hacer.<\/p>\n<\/div>\n<div class=\"center\"><p><small><\/small><\/p><\/div>\n<div class=\"pad15\"><\/div>\n\n\t<\/div> \n\n\t<div class=\"span6\">\n\t\t\t<h1>Nuestros Productos<\/h1>\n\t\t\tDisponemos de todo tipo de piensos para gallinas, pollos, cerdos y los peque\u00f1os animales o mascotas junto con una amplia gama de fertilizantes y nutrientes para todo tipo de cultivos.<\/p>\n<p>Tenemos una amplia gama en accesorios.<\/p>\n<p>Nuestros cereales: ma\u00edz, cebada, avena, trigo duro y blando, ma\u00edz casqueado-trigo, girasol, habas, etc.<div class=\"testimonial1 fadeinup\">\n<p><i class=\"icon-tint icon-4x pull-left hue\"><\/i>Todo el cereal es previamente limpiado y exhaustivamente seleccionado para ofrecer la mejor calidad.<\/p>\n<\/div>\n<div class=\"center\"><p><small><\/small><\/p><\/div>\n<div class=\"pad15\"><\/div>\n\n\t<\/div> \n<\/div>\n","protected":false},"excerpt":{"rendered":"Sin Intermediarios Nutrigal, somos una empresa dedicada a la elaboraci\u00f3n, venta y distribuci\u00f3n de productos para el mundo animal. Fabricamos y envasamos cereales, mezclas de cereales, piensos, etc. Nuestras f\u00f3rmulas de alimentaci\u00f3n est\u00e1n creadas por nuestros expertos t\u00e9cnicos en nutrici\u00f3n cuidando al m\u00ednimo detalle la salud de sus animales. A\u00f1os de experiencia nos avalan en [...]","protected":false},"author":3,"featured_media":0,"parent":0,"menu_order":0,"comment_status":"open","ping_status":"open","template":"","meta":{"footnotes":""},"class_list":["post-37","page","type-page","status-publish","hentry"],"_links":{"self":[{"href":"http:\/\/www.piensosnutrigal.com\/index.php?rest_route=\/wp\/v2\/pages\/37","targetHints":{"allow":["GET"]}}],"collection":[{"href":"http:\/\/www.piensosnutrigal.com\/index.php?rest_route=\/wp\/v2\/pages"}],"about":[{"href":"http:\/\/www.piensosnutrigal.com\/index.php?rest_route=\/wp\/v2\/types\/page"}],"author":[{"embeddable":true,"href":"http:\/\/www.piensosnutrigal.com\/index.php?rest_route=\/wp\/v2\/users\/3"}],"replies":[{"embeddable":true,"href":"http:\/\/www.piensosnutrigal.com\/index.php?rest_route=%2Fwp%2Fv2%2Fcomments&post=37"}],"version-history":[{"count":29,"href":"http:\/\/www.piensosnutrigal.com\/index.php?rest_route=\/wp\/v2\/pages\/37\/revisions"}],"predecessor-version":[{"id":508,"href":"http:\/\/www.piensosnutrigal.com\/index.php?rest_route=\/wp\/v2\/pages\/37\/revisions\/508"}],"wp:attachment":[{"href":"http:\/\/www.piensosnutrigal.com\/index.php?rest_route=%2Fwp%2Fv2%2Fmedia&parent=37"}],"curies":[{"name":"wp","href":"https:\/\/api.w.org\/{rel}","templated":true}]}}