{"id":70,"date":"2013-09-30T17:36:36","date_gmt":"2013-09-30T17:36:36","guid":{"rendered":"http:\/\/wordpress-themes.derby-web-design-agency.co.uk\/flati\/?page_id=70"},"modified":"2014-03-24T23:53:07","modified_gmt":"2014-03-24T23:53:07","slug":"services","status":"publish","type":"page","link":"http:\/\/www.piensosnutrigal.com\/?page_id=70","title":{"rendered":"Servicios"},"content":{"rendered":"<div class=\"row  pad60\">\n\t<div class=\"span12\">\n\t\t\t<h2>Los avances tecnol\u00f3gicos y de mercado, marcan nuestra tendencia de superaci\u00f3n, que unida a la continua formaci\u00f3n del equipo nos permiten ofrecer productos y servicios de la m\u00e1s alta calidad.<\/h2>\n\t<\/div> \n<\/div>\n","protected":false},"excerpt":{"rendered":"Los avances tecnol\u00f3gicos y de mercado, marcan nuestra tendencia de superaci\u00f3n, que unida a la continua formaci\u00f3n del equipo nos permiten ofrecer productos y servicios de la m\u00e1s alta calidad.","protected":false},"author":3,"featured_media":0,"parent":0,"menu_order":0,"comment_status":"open","ping_status":"open","template":"","meta":{"footnotes":""},"class_list":["post-70","page","type-page","status-publish","hentry"],"_links":{"self":[{"href":"http:\/\/www.piensosnutrigal.com\/index.php?rest_route=\/wp\/v2\/pages\/70","targetHints":{"allow":["GET"]}}],"collection":[{"href":"http:\/\/www.piensosnutrigal.com\/index.php?rest_route=\/wp\/v2\/pages"}],"about":[{"href":"http:\/\/www.piensosnutrigal.com\/index.php?rest_route=\/wp\/v2\/types\/page"}],"author":[{"embeddable":true,"href":"http:\/\/www.piensosnutrigal.com\/index.php?rest_route=\/wp\/v2\/users\/3"}],"replies":[{"embeddable":true,"href":"http:\/\/www.piensosnutrigal.com\/index.php?rest_route=%2Fwp%2Fv2%2Fcomments&post=70"}],"version-history":[{"count":3,"href":"http:\/\/www.piensosnutrigal.com\/index.php?rest_route=\/wp\/v2\/pages\/70\/revisions"}],"predecessor-version":[{"id":482,"href":"http:\/\/www.piensosnutrigal.com\/index.php?rest_route=\/wp\/v2\/pages\/70\/revisions\/482"}],"wp:attachment":[{"href":"http:\/\/www.piensosnutrigal.com\/index.php?rest_route=%2Fwp%2Fv2%2Fmedia&parent=70"}],"curies":[{"name":"wp","href":"https:\/\/api.w.org\/{rel}","templated":true}]}}