{"id":240,"date":"2013-09-30T14:51:41","date_gmt":"2013-09-30T14:51:41","guid":{"rendered":"http:\/\/wordpress-themes.derby-web-design-agency.co.uk\/flati\/?page_id=6"},"modified":"2025-02-10T07:59:37","modified_gmt":"2025-02-10T07:59:37","slug":"home","status":"publish","type":"page","link":"https:\/\/www.piensosnutrigal.com\/","title":{"rendered":"Inicio"},"content":{"rendered":"<div class=\"row \">\n\t<div class=\"span12\">\n\t\t\t<div class=\"row\">\n<div class=\"pad25 hidden-phone\"><\/div>\n<div class=\"span4\">\n<h1>Productos<\/h1>\n<h4>Los productos m\u00e1s destacados de Nutrigal son piensos y cereales para gallinas, pollos y cerdos.<\/h4>\n<p>Ma\u00edz, cebada, avena, trigo duro, trigo blando, ma\u00edz casqueado-trigo, girasol, habas, etc. Todo el cereal es previamente limpiado y seleccionado.<\/p>\n<a href=\"http:\/\/www.piensosnutrigal.com\/?page_id=210\" class=\"btn btn-primary  btn-custom btn-rounded\">Ver Todos<\/a>\n<div class=\"pad45\"><\/div>\n<\/div>\n<div class=\"span8 pad15 col_full2\">\n<div id=\"slider_home\">\n<div class=\"slider-item\">\t\n<div class=\"slider-image\">\n<div class=\"hover_colour\"><a href=\"https:\/\/www.piensosnutrigal.com\/wp-content\/uploads\/2014\/04\/gallina.jpg\" rel=\"prettyPhoto\"><img decoding=\"async\" src=\"https:\/\/www.piensosnutrigal.com\/wp-content\/uploads\/2014\/04\/gallina-300x211.jpg\" alt=\"Gallinas\" \/><\/a><\/div><\/div><div class=\"clear\"><\/div>\n<div class=\"slider-title\">\n<h3><a href=\"https:\/\/www.piensosnutrigal.com\/?flatiportfolio=producto-4\">Gallinas<\/a><\/h3>\n<p>Pienso Completo Ponedoras<\/p>\n<\/div>\n<\/div>\n<div class=\"slider-item\">\t\n<div class=\"slider-image\">\n<div class=\"hover_colour\"><a href=\"https:\/\/www.piensosnutrigal.com\/wp-content\/uploads\/2014\/04\/pollos.jpg\" rel=\"prettyPhoto\"><img decoding=\"async\" src=\"https:\/\/www.piensosnutrigal.com\/wp-content\/uploads\/2014\/04\/pollos-300x211.jpg\" alt=\"Pollos\" \/><\/a><\/div><\/div><div class=\"clear\"><\/div>\n<div class=\"slider-title\">\n<h3><a href=\"https:\/\/www.piensosnutrigal.com\/?flatiportfolio=producto-3\">Pollos<\/a><\/h3>\n<p>Pienso Completo Engorde<\/p>\n<\/div>\n<\/div>\n<div class=\"slider-item\">\t\n<div class=\"slider-image\">\n<div class=\"hover_colour\"><a href=\"https:\/\/www.piensosnutrigal.com\/wp-content\/uploads\/2014\/04\/cerdos.jpg\" rel=\"prettyPhoto\"><img decoding=\"async\" src=\"https:\/\/www.piensosnutrigal.com\/wp-content\/uploads\/2014\/04\/cerdos-300x211.jpg\" alt=\"Cerdos\" \/><\/a><\/div><\/div><div class=\"clear\"><\/div>\n<div class=\"slider-title\">\n<h3><a href=\"https:\/\/www.piensosnutrigal.com\/?flatiportfolio=producto-2\">Cerdos<\/a><\/h3>\n<p>Pienso Completo Mezcla Natural<\/p>\n<\/div>\n<\/div>\n<div class=\"slider-item\">\t\n<div class=\"slider-image\">\n<div class=\"hover_colour\"><a href=\"https:\/\/www.piensosnutrigal.com\/wp-content\/uploads\/2014\/04\/pollos.jpg\" rel=\"prettyPhoto\"><img decoding=\"async\" src=\"https:\/\/www.piensosnutrigal.com\/wp-content\/uploads\/2014\/04\/pollos-300x211.jpg\" alt=\"POLLOS\" \/><\/a><\/div><\/div><div class=\"clear\"><\/div>\n<div class=\"slider-title\">\n<h3><a href=\"https:\/\/www.piensosnutrigal.com\/?flatiportfolio=single-image-2\">POLLOS<\/a><\/h3>\n<p>Pienso Completo Iniciaci\u00f3n<\/p>\n<\/div>\n<\/div>\n<\/div>\n<div id=\"sl-prev\" class=\"widget-scroll-prev\"><i class=\"icon-chevron-left white\"><\/i><\/div>\n<div id=\"sl-next\" class=\"widget-scroll-next\"><i class=\"icon-chevron-right white but_marg\"><\/i><\/div>\n<\/div>\n<\/div>\n<script type=\"text\/javascript\">\n\/\/<![CDATA[\njQuery(document).ready(function($) {\n$(\"#slider_home\").carouFredSel({ width : \"100%\", height : \"auto\", responsive : true,  circular : true, infinite\t: false, auto : false, items : { width : 231, visible: { min: 1, max: 3 }},\nswipe : { onTouch : true, onMouse : true },\nscroll: { items: 3, },\nprev : { button : \"#sl-prev\", key : \"left\"},\nnext : { button : \"#sl-next\", key : \"right\" }\n});\n});\n\/\/]]>\n<\/script>\n\n\t<\/div> \n<\/div>\n","protected":false},"excerpt":{"rendered":"PIENSO COMPLETO POLLOS INICIACI\u00d3N Pienso completo para iniciaci\u00f3n de pollos. Componentes Anal\u00edticos \u00a0Prote\u00edna.................................19,90% \u00a0Ceniza Bruta...........................5,75% \u00a0Aceites y Grasas Brutos...........3,75% \u00a0Calcio........................................3,71% \u00a0Fibra Bruta...............................1,04% \u00a0Lisina........................................0,84% \u00a0F\u00f3sforo.....................................0,53% \u00a0Metionina.................................0,31% \u00a0Sodio.........................................0,14% Indicaciones y modo de empleo Administrar a libre disposici\u00f3n desde el primer d\u00eda de vida hasta la 3\u00aa semana de vida. Asegurar el suministro de agua limpia y fresca [...]","protected":false},"author":3,"featured_media":0,"parent":0,"menu_order":0,"comment_status":"open","ping_status":"closed","template":"page-home.php","meta":{"footnotes":""},"class_list":["post-240","page","type-page","status-publish","hentry"],"_links":{"self":[{"href":"https:\/\/www.piensosnutrigal.com\/index.php?rest_route=\/wp\/v2\/pages\/240","targetHints":{"allow":["GET"]}}],"collection":[{"href":"https:\/\/www.piensosnutrigal.com\/index.php?rest_route=\/wp\/v2\/pages"}],"about":[{"href":"https:\/\/www.piensosnutrigal.com\/index.php?rest_route=\/wp\/v2\/types\/page"}],"author":[{"embeddable":true,"href":"https:\/\/www.piensosnutrigal.com\/index.php?rest_route=\/wp\/v2\/users\/3"}],"replies":[{"embeddable":true,"href":"https:\/\/www.piensosnutrigal.com\/index.php?rest_route=%2Fwp%2Fv2%2Fcomments&post=240"}],"version-history":[{"count":16,"href":"https:\/\/www.piensosnutrigal.com\/index.php?rest_route=\/wp\/v2\/pages\/240\/revisions"}],"predecessor-version":[{"id":509,"href":"https:\/\/www.piensosnutrigal.com\/index.php?rest_route=\/wp\/v2\/pages\/240\/revisions\/509"}],"wp:attachment":[{"href":"https:\/\/www.piensosnutrigal.com\/index.php?rest_route=%2Fwp%2Fv2%2Fmedia&parent=240"}],"curies":[{"name":"wp","href":"https:\/\/api.w.org\/{rel}","templated":true}]}}